{"id":551,"date":"2025-02-10T09:24:02","date_gmt":"2025-02-10T09:24:02","guid":{"rendered":"https:\/\/mickymouche.nc\/index.php\/e-books\/"},"modified":"2026-04-25T04:38:27","modified_gmt":"2026-04-25T04:38:27","slug":"materiel","status":"publish","type":"page","link":"https:\/\/mickymouche.nc\/index.php\/materiel\/","title":{"rendered":"Mat\u00e9riel"},"content":{"rendered":"\t\t<div data-elementor-type=\"wp-page\" data-elementor-id=\"551\" class=\"elementor elementor-551\" data-elementor-post-type=\"page\">\n\t\t\t\t<div class=\"elementor-element elementor-element-fd1f871 e-flex e-con-boxed e-con e-parent\" data-id=\"fd1f871\" data-element_type=\"container\" data-e-type=\"container\">\n\t\t\t\t\t<div class=\"e-con-inner\">\n\t\t\t\t<div class=\"elementor-element elementor-element-4f822a4 elementor-widget elementor-widget-heading\" data-id=\"4f822a4\" data-element_type=\"widget\" data-e-type=\"widget\" data-widget_type=\"heading.default\">\n\t\t\t\t<div class=\"elementor-widget-container\">\n\t\t\t\t\t<h1 class=\"elementor-heading-title elementor-size-default\">vente de mouches artisanales Micky Mouche.<\/h1>\t\t\t\t<\/div>\n\t\t\t\t<\/div>\n\t\t\t\t\t<\/div>\n\t\t\t\t<\/div>\n\t\t<div class=\"elementor-element elementor-element-41362be e-flex e-con-boxed e-con e-parent\" data-id=\"41362be\" data-element_type=\"container\" data-e-type=\"container\">\n\t\t\t\t\t<div class=\"e-con-inner\">\n\t\t\t\t<div class=\"elementor-element elementor-element-b0adda0 elementor-widget elementor-widget-image\" data-id=\"b0adda0\" data-element_type=\"widget\" data-e-type=\"widget\" data-widget_type=\"image.default\">\n\t\t\t\t<div class=\"elementor-widget-container\">\n\t\t\t\t\t\t\t\t\t\t\t\t\t\t\t<img fetchpriority=\"high\" decoding=\"async\" width=\"791\" height=\"1024\" src=\"https:\/\/mickymouche.nc\/wp-content\/uploads\/2026\/04\/2-791x1024.jpg\" class=\"attachment-large size-large wp-image-1750\" alt=\"\" srcset=\"https:\/\/mickymouche.nc\/wp-content\/uploads\/2026\/04\/2-791x1024.jpg 791w, https:\/\/mickymouche.nc\/wp-content\/uploads\/2026\/04\/2-232x300.jpg 232w, https:\/\/mickymouche.nc\/wp-content\/uploads\/2026\/04\/2-768x994.jpg 768w, https:\/\/mickymouche.nc\/wp-content\/uploads\/2026\/04\/2-1187x1536.jpg 1187w, https:\/\/mickymouche.nc\/wp-content\/uploads\/2026\/04\/2.jpg 1545w\" sizes=\"(max-width: 791px) 100vw, 791px\" \/>\t\t\t\t\t\t\t\t\t\t\t\t\t\t\t<\/div>\n\t\t\t\t<\/div>\n\t\t\t\t<div class=\"elementor-element elementor-element-4775732 elementor-widget elementor-widget-image\" data-id=\"4775732\" data-element_type=\"widget\" data-e-type=\"widget\" data-widget_type=\"image.default\">\n\t\t\t\t<div class=\"elementor-widget-container\">\n\t\t\t\t\t\t\t\t\t\t\t\t\t\t\t<img decoding=\"async\" width=\"791\" height=\"1024\" src=\"https:\/\/mickymouche.nc\/wp-content\/uploads\/2026\/04\/1-791x1024.jpg\" class=\"attachment-large size-large wp-image-1749\" alt=\"\" srcset=\"https:\/\/mickymouche.nc\/wp-content\/uploads\/2026\/04\/1-791x1024.jpg 791w, https:\/\/mickymouche.nc\/wp-content\/uploads\/2026\/04\/1-232x300.jpg 232w, https:\/\/mickymouche.nc\/wp-content\/uploads\/2026\/04\/1-768x994.jpg 768w, https:\/\/mickymouche.nc\/wp-content\/uploads\/2026\/04\/1-1187x1536.jpg 1187w, https:\/\/mickymouche.nc\/wp-content\/uploads\/2026\/04\/1.jpg 1545w\" sizes=\"(max-width: 791px) 100vw, 791px\" \/>\t\t\t\t\t\t\t\t\t\t\t\t\t\t\t<\/div>\n\t\t\t\t<\/div>\n\t\t\t\t\t<\/div>\n\t\t\t\t<\/div>\n\t\t<div class=\"elementor-element elementor-element-d012de1 e-flex e-con-boxed e-con e-parent\" data-id=\"d012de1\" data-element_type=\"container\" data-e-type=\"container\">\n\t\t\t\t\t<div class=\"e-con-inner\">\n\t\t<div class=\"elementor-element elementor-element-2c7640b e-con-full e-flex e-con e-child\" data-id=\"2c7640b\" data-element_type=\"container\" data-e-type=\"container\">\n\t\t\t\t<div class=\"elementor-element elementor-element-ed7a94b elementor-widget elementor-widget-image\" data-id=\"ed7a94b\" data-element_type=\"widget\" data-e-type=\"widget\" data-widget_type=\"image.default\">\n\t\t\t\t<div class=\"elementor-widget-container\">\n\t\t\t\t\t\t\t\t\t\t\t\t\t\t\t<img decoding=\"async\" width=\"791\" height=\"1024\" src=\"https:\/\/mickymouche.nc\/wp-content\/uploads\/2026\/04\/3-791x1024.jpg\" class=\"attachment-large size-large wp-image-1751\" alt=\"\" srcset=\"https:\/\/mickymouche.nc\/wp-content\/uploads\/2026\/04\/3-791x1024.jpg 791w, https:\/\/mickymouche.nc\/wp-content\/uploads\/2026\/04\/3-232x300.jpg 232w, https:\/\/mickymouche.nc\/wp-content\/uploads\/2026\/04\/3-768x994.jpg 768w, https:\/\/mickymouche.nc\/wp-content\/uploads\/2026\/04\/3-1187x1536.jpg 1187w, https:\/\/mickymouche.nc\/wp-content\/uploads\/2026\/04\/3.jpg 1545w\" sizes=\"(max-width: 791px) 100vw, 791px\" \/>\t\t\t\t\t\t\t\t\t\t\t\t\t\t\t<\/div>\n\t\t\t\t<\/div>\n\t\t\t\t<\/div>\n\t\t<div class=\"elementor-element elementor-element-5296fde e-con-full e-flex e-con e-child\" data-id=\"5296fde\" data-element_type=\"container\" data-e-type=\"container\">\n\t\t\t\t<div class=\"elementor-element elementor-element-57c646f elementor-widget__width-initial elementor-widget elementor-widget-video\" data-id=\"57c646f\" data-element_type=\"widget\" data-e-type=\"widget\" data-settings=\"{&quot;video_type&quot;:&quot;hosted&quot;,&quot;autoplay&quot;:&quot;yes&quot;,&quot;play_on_mobile&quot;:&quot;yes&quot;,&quot;mute&quot;:&quot;yes&quot;,&quot;loop&quot;:&quot;yes&quot;}\" data-widget_type=\"video.default\">\n\t\t\t\t<div class=\"elementor-widget-container\">\n\t\t\t\t\t\t\t<div class=\"e-hosted-video elementor-wrapper elementor-open-inline\">\n\t\t\t\t\t<video class=\"elementor-video\" src=\"https:\/\/mickymouche.nc\/wp-content\/uploads\/2026\/04\/combo-rivieres-MM.mp4\" autoplay=\"\" loop=\"\" muted=\"muted\" playsinline=\"\" controlsList=\"nodownload\"><\/video>\n\t\t\t\t<\/div>\n\t\t\t\t\t\t<\/div>\n\t\t\t\t<\/div>\n\t\t\t\t<\/div>\n\t\t<div class=\"elementor-element elementor-element-ad3c36e e-con-full e-flex e-con e-child\" data-id=\"ad3c36e\" data-element_type=\"container\" data-e-type=\"container\">\n\t\t\t\t<div class=\"elementor-element elementor-element-1402adf elementor-widget elementor-widget-text-editor\" data-id=\"1402adf\" data-element_type=\"widget\" data-e-type=\"widget\" data-widget_type=\"text-editor.default\">\n\t\t\t\t<div class=\"elementor-widget-container\">\n\t\t\t\t\t\t\t\t\t<pre><strong>Disponible combo p\u00eache rivi\u00e8re UL :<\/strong><\/pre><p>-Canne unique made in MickyMouche : ultra light rod blank 1\/5gr Xrays 2 brins 1m68<\/p><p>\u00a0<\/p><p>-Moulinet spinning 500S<\/p><p>\u00a0<\/p><p>-Tresse 8lb avec son bas de ligne d\u00e9j\u00e0 mont\u00e9 pr\u00eat \u00e0 l&rsquo;action.<\/p><p>\u00a0<\/p><p>-Sa petite grenouille.<\/p><p>\u00a0<\/p><p>-Une sortie d\u00e9couverte offerte.<\/p><p>\u00a0<\/p><p>Prix : 35 000fr<\/p>\t\t\t\t\t\t\t\t<\/div>\n\t\t\t\t<\/div>\n\t\t\t\t<\/div>\n\t\t\t\t\t<\/div>\n\t\t\t\t<\/div>\n\t\t<div class=\"elementor-element elementor-element-062be98 e-flex e-con-boxed e-con e-parent\" data-id=\"062be98\" data-element_type=\"container\" data-e-type=\"container\">\n\t\t\t\t\t<div class=\"e-con-inner\">\n\t\t\t\t<div class=\"elementor-element elementor-element-3ea2cd3 elementor-align-center elementor-widget elementor-widget-button\" data-id=\"3ea2cd3\" data-element_type=\"widget\" data-e-type=\"widget\" data-widget_type=\"button.default\">\n\t\t\t\t<div class=\"elementor-widget-container\">\n\t\t\t\t\t\t\t\t\t<div class=\"elementor-button-wrapper\">\n\t\t\t\t\t<a class=\"elementor-button elementor-button-link elementor-size-sm elementor-animation-shrink\" href=\"https:\/\/mickymouche.nc\/index.php\/contact\/\">\n\t\t\t\t\t\t<span class=\"elementor-button-content-wrapper\">\n\t\t\t\t\t\t\t\t\t<span class=\"elementor-button-text\">Me contacter pour tout achat<\/span>\n\t\t\t\t\t<\/span>\n\t\t\t\t\t<\/a>\n\t\t\t\t<\/div>\n\t\t\t\t\t\t\t\t<\/div>\n\t\t\t\t<\/div>\n\t\t\t\t\t<\/div>\n\t\t\t\t<\/div>\n\t\t\t\t<\/div>\n\t\t","protected":false},"excerpt":{"rendered":"<p>vente de mouches artisanales Micky Mouche. https:\/\/mickymouche.nc\/wp-content\/uploads\/2026\/04\/combo-rivieres-MM.mp4 Disponible combo p\u00eache rivi\u00e8re UL : -Canne unique made in MickyMouche : ultra light rod blank 1\/5gr Xrays 2 brins 1m68 \u00a0 -Moulinet spinning 500S \u00a0 -Tresse 8lb avec son bas de ligne d\u00e9j\u00e0 mont\u00e9 pr\u00eat \u00e0 l&rsquo;action. \u00a0 -Sa petite grenouille. \u00a0 -Une sortie d\u00e9couverte offerte. \u00a0 [&hellip;]<\/p>\n","protected":false},"author":2,"featured_media":0,"parent":0,"menu_order":0,"comment_status":"closed","ping_status":"closed","template":"elementor_header_footer","meta":{"footnotes":""},"class_list":["post-551","page","type-page","status-publish","hentry"],"yoast_head":"<!-- This site is optimized with the Yoast SEO plugin v27.4 - https:\/\/yoast.com\/product\/yoast-seo-wordpress\/ -->\n<title>Mat\u00e9riel - Micky Mouche<\/title>\n<meta name=\"description\" content=\"P\u00eache Nouvelle-Cal\u00e9donie\" \/>\n<meta name=\"robots\" content=\"index, follow, max-snippet:-1, max-image-preview:large, max-video-preview:-1\" \/>\n<link rel=\"canonical\" href=\"https:\/\/mickymouche.nc\/index.php\/materiel\/\" \/>\n<meta property=\"og:locale\" content=\"fr_FR\" \/>\n<meta property=\"og:type\" content=\"article\" \/>\n<meta property=\"og:title\" content=\"Mat\u00e9riel - Micky Mouche\" \/>\n<meta property=\"og:description\" content=\"P\u00eache Nouvelle-Cal\u00e9donie\" \/>\n<meta property=\"og:url\" content=\"https:\/\/mickymouche.nc\/index.php\/materiel\/\" \/>\n<meta property=\"og:site_name\" content=\"Micky Mouche\" \/>\n<meta property=\"article:publisher\" content=\"https:\/\/www.facebook.com\/mickymouchenc\" \/>\n<meta property=\"article:modified_time\" content=\"2026-04-25T04:38:27+00:00\" \/>\n<meta property=\"og:image\" content=\"https:\/\/mickymouche.nc\/wp-content\/uploads\/2026\/04\/2.jpg\" \/>\n\t<meta property=\"og:image:width\" content=\"1545\" \/>\n\t<meta property=\"og:image:height\" content=\"2000\" \/>\n\t<meta property=\"og:image:type\" content=\"image\/jpeg\" \/>\n<meta name=\"twitter:card\" content=\"summary_large_image\" \/>\n<script type=\"application\/ld+json\" class=\"yoast-schema-graph\">{\"@context\":\"https:\\\/\\\/schema.org\",\"@graph\":[{\"@type\":\"WebPage\",\"@id\":\"https:\\\/\\\/mickymouche.nc\\\/index.php\\\/materiel\\\/\",\"url\":\"https:\\\/\\\/mickymouche.nc\\\/index.php\\\/materiel\\\/\",\"name\":\"Mat\u00e9riel - Micky Mouche\",\"isPartOf\":{\"@id\":\"https:\\\/\\\/mickymouche.nc\\\/#website\"},\"primaryImageOfPage\":{\"@id\":\"https:\\\/\\\/mickymouche.nc\\\/index.php\\\/materiel\\\/#primaryimage\"},\"image\":{\"@id\":\"https:\\\/\\\/mickymouche.nc\\\/index.php\\\/materiel\\\/#primaryimage\"},\"thumbnailUrl\":\"https:\\\/\\\/mickymouche.nc\\\/wp-content\\\/uploads\\\/2026\\\/04\\\/2-791x1024.jpg\",\"datePublished\":\"2025-02-10T09:24:02+00:00\",\"dateModified\":\"2026-04-25T04:38:27+00:00\",\"description\":\"P\u00eache Nouvelle-Cal\u00e9donie\",\"breadcrumb\":{\"@id\":\"https:\\\/\\\/mickymouche.nc\\\/index.php\\\/materiel\\\/#breadcrumb\"},\"inLanguage\":\"fr-FR\",\"potentialAction\":[{\"@type\":\"ReadAction\",\"target\":[\"https:\\\/\\\/mickymouche.nc\\\/index.php\\\/materiel\\\/\"]}]},{\"@type\":\"ImageObject\",\"inLanguage\":\"fr-FR\",\"@id\":\"https:\\\/\\\/mickymouche.nc\\\/index.php\\\/materiel\\\/#primaryimage\",\"url\":\"https:\\\/\\\/mickymouche.nc\\\/wp-content\\\/uploads\\\/2026\\\/04\\\/2.jpg\",\"contentUrl\":\"https:\\\/\\\/mickymouche.nc\\\/wp-content\\\/uploads\\\/2026\\\/04\\\/2.jpg\",\"width\":1545,\"height\":2000},{\"@type\":\"BreadcrumbList\",\"@id\":\"https:\\\/\\\/mickymouche.nc\\\/index.php\\\/materiel\\\/#breadcrumb\",\"itemListElement\":[{\"@type\":\"ListItem\",\"position\":1,\"name\":\"Accueil\",\"item\":\"https:\\\/\\\/mickymouche.nc\\\/\"},{\"@type\":\"ListItem\",\"position\":2,\"name\":\"Mat\u00e9riel\"}]},{\"@type\":\"WebSite\",\"@id\":\"https:\\\/\\\/mickymouche.nc\\\/#website\",\"url\":\"https:\\\/\\\/mickymouche.nc\\\/\",\"name\":\"Micky Mouche\",\"description\":\"P\u00eache en Nouvelle-Cal\u00e9donie\",\"publisher\":{\"@id\":\"https:\\\/\\\/mickymouche.nc\\\/#organization\"},\"potentialAction\":[{\"@type\":\"SearchAction\",\"target\":{\"@type\":\"EntryPoint\",\"urlTemplate\":\"https:\\\/\\\/mickymouche.nc\\\/?s={search_term_string}\"},\"query-input\":{\"@type\":\"PropertyValueSpecification\",\"valueRequired\":true,\"valueName\":\"search_term_string\"}}],\"inLanguage\":\"fr-FR\"},{\"@type\":\"Organization\",\"@id\":\"https:\\\/\\\/mickymouche.nc\\\/#organization\",\"name\":\"Micky Mouche\",\"url\":\"https:\\\/\\\/mickymouche.nc\\\/\",\"logo\":{\"@type\":\"ImageObject\",\"inLanguage\":\"fr-FR\",\"@id\":\"https:\\\/\\\/mickymouche.nc\\\/#\\\/schema\\\/logo\\\/image\\\/\",\"url\":\"https:\\\/\\\/mickymouche.nc\\\/wp-content\\\/uploads\\\/2025\\\/02\\\/logo-mm-2.png\",\"contentUrl\":\"https:\\\/\\\/mickymouche.nc\\\/wp-content\\\/uploads\\\/2025\\\/02\\\/logo-mm-2.png\",\"width\":450,\"height\":154,\"caption\":\"Micky Mouche\"},\"image\":{\"@id\":\"https:\\\/\\\/mickymouche.nc\\\/#\\\/schema\\\/logo\\\/image\\\/\"},\"sameAs\":[\"https:\\\/\\\/www.facebook.com\\\/mickymouchenc\"]}]}<\/script>\n<!-- \/ Yoast SEO plugin. -->","yoast_head_json":{"title":"Mat\u00e9riel - Micky Mouche","description":"P\u00eache Nouvelle-Cal\u00e9donie","robots":{"index":"index","follow":"follow","max-snippet":"max-snippet:-1","max-image-preview":"max-image-preview:large","max-video-preview":"max-video-preview:-1"},"canonical":"https:\/\/mickymouche.nc\/index.php\/materiel\/","og_locale":"fr_FR","og_type":"article","og_title":"Mat\u00e9riel - Micky Mouche","og_description":"P\u00eache Nouvelle-Cal\u00e9donie","og_url":"https:\/\/mickymouche.nc\/index.php\/materiel\/","og_site_name":"Micky Mouche","article_publisher":"https:\/\/www.facebook.com\/mickymouchenc","article_modified_time":"2026-04-25T04:38:27+00:00","og_image":[{"width":1545,"height":2000,"url":"https:\/\/mickymouche.nc\/wp-content\/uploads\/2026\/04\/2.jpg","type":"image\/jpeg"}],"twitter_card":"summary_large_image","schema":{"@context":"https:\/\/schema.org","@graph":[{"@type":"WebPage","@id":"https:\/\/mickymouche.nc\/index.php\/materiel\/","url":"https:\/\/mickymouche.nc\/index.php\/materiel\/","name":"Mat\u00e9riel - Micky Mouche","isPartOf":{"@id":"https:\/\/mickymouche.nc\/#website"},"primaryImageOfPage":{"@id":"https:\/\/mickymouche.nc\/index.php\/materiel\/#primaryimage"},"image":{"@id":"https:\/\/mickymouche.nc\/index.php\/materiel\/#primaryimage"},"thumbnailUrl":"https:\/\/mickymouche.nc\/wp-content\/uploads\/2026\/04\/2-791x1024.jpg","datePublished":"2025-02-10T09:24:02+00:00","dateModified":"2026-04-25T04:38:27+00:00","description":"P\u00eache Nouvelle-Cal\u00e9donie","breadcrumb":{"@id":"https:\/\/mickymouche.nc\/index.php\/materiel\/#breadcrumb"},"inLanguage":"fr-FR","potentialAction":[{"@type":"ReadAction","target":["https:\/\/mickymouche.nc\/index.php\/materiel\/"]}]},{"@type":"ImageObject","inLanguage":"fr-FR","@id":"https:\/\/mickymouche.nc\/index.php\/materiel\/#primaryimage","url":"https:\/\/mickymouche.nc\/wp-content\/uploads\/2026\/04\/2.jpg","contentUrl":"https:\/\/mickymouche.nc\/wp-content\/uploads\/2026\/04\/2.jpg","width":1545,"height":2000},{"@type":"BreadcrumbList","@id":"https:\/\/mickymouche.nc\/index.php\/materiel\/#breadcrumb","itemListElement":[{"@type":"ListItem","position":1,"name":"Accueil","item":"https:\/\/mickymouche.nc\/"},{"@type":"ListItem","position":2,"name":"Mat\u00e9riel"}]},{"@type":"WebSite","@id":"https:\/\/mickymouche.nc\/#website","url":"https:\/\/mickymouche.nc\/","name":"Micky Mouche","description":"P\u00eache en Nouvelle-Cal\u00e9donie","publisher":{"@id":"https:\/\/mickymouche.nc\/#organization"},"potentialAction":[{"@type":"SearchAction","target":{"@type":"EntryPoint","urlTemplate":"https:\/\/mickymouche.nc\/?s={search_term_string}"},"query-input":{"@type":"PropertyValueSpecification","valueRequired":true,"valueName":"search_term_string"}}],"inLanguage":"fr-FR"},{"@type":"Organization","@id":"https:\/\/mickymouche.nc\/#organization","name":"Micky Mouche","url":"https:\/\/mickymouche.nc\/","logo":{"@type":"ImageObject","inLanguage":"fr-FR","@id":"https:\/\/mickymouche.nc\/#\/schema\/logo\/image\/","url":"https:\/\/mickymouche.nc\/wp-content\/uploads\/2025\/02\/logo-mm-2.png","contentUrl":"https:\/\/mickymouche.nc\/wp-content\/uploads\/2025\/02\/logo-mm-2.png","width":450,"height":154,"caption":"Micky Mouche"},"image":{"@id":"https:\/\/mickymouche.nc\/#\/schema\/logo\/image\/"},"sameAs":["https:\/\/www.facebook.com\/mickymouchenc"]}]}},"_links":{"self":[{"href":"https:\/\/mickymouche.nc\/index.php\/wp-json\/wp\/v2\/pages\/551","targetHints":{"allow":["GET"]}}],"collection":[{"href":"https:\/\/mickymouche.nc\/index.php\/wp-json\/wp\/v2\/pages"}],"about":[{"href":"https:\/\/mickymouche.nc\/index.php\/wp-json\/wp\/v2\/types\/page"}],"author":[{"embeddable":true,"href":"https:\/\/mickymouche.nc\/index.php\/wp-json\/wp\/v2\/users\/2"}],"replies":[{"embeddable":true,"href":"https:\/\/mickymouche.nc\/index.php\/wp-json\/wp\/v2\/comments?post=551"}],"version-history":[{"count":32,"href":"https:\/\/mickymouche.nc\/index.php\/wp-json\/wp\/v2\/pages\/551\/revisions"}],"predecessor-version":[{"id":1760,"href":"https:\/\/mickymouche.nc\/index.php\/wp-json\/wp\/v2\/pages\/551\/revisions\/1760"}],"wp:attachment":[{"href":"https:\/\/mickymouche.nc\/index.php\/wp-json\/wp\/v2\/media?parent=551"}],"curies":[{"name":"wp","href":"https:\/\/api.w.org\/{rel}","templated":true}]}}